{"id":47,"date":"2025-05-15T17:43:29","date_gmt":"2025-05-15T15:43:29","guid":{"rendered":"https:\/\/klub.starletbrno.cz\/?page_id=47"},"modified":"2025-06-06T21:56:49","modified_gmt":"2025-06-06T19:56:49","slug":"kde-trenujeme","status":"publish","type":"page","link":"https:\/\/tkstarletbrno.cz\/en\/o-nas\/kde-trenujeme\/","title":{"rendered":"Where we train"},"content":{"rendered":"<div data-elementor-type=\"wp-page\" data-elementor-id=\"47\" class=\"elementor elementor-47\" data-elementor-post-type=\"page\">\n\t\t\t\t<div class=\"elementor-element elementor-element-acecb00 e-flex e-con-boxed e-con e-parent\" data-id=\"acecb00\" data-element_type=\"container\" data-e-type=\"container\">\n\t\t\t\t\t<div class=\"e-con-inner\">\n\t\t<div class=\"elementor-element elementor-element-abba87a e-con-full e-flex elementor-invisible e-con e-child\" data-id=\"abba87a\" data-element_type=\"container\" data-e-type=\"container\" data-settings=\"{&quot;animation&quot;:&quot;slideInLeft&quot;}\">\n\t\t\t\t<div class=\"elementor-element elementor-element-c290182 dce_masking-none elementor-invisible elementor-widget elementor-widget-image\" data-id=\"c290182\" data-element_type=\"widget\" data-e-type=\"widget\" data-settings=\"{&quot;_animation&quot;:&quot;slideInLeft&quot;}\" data-widget_type=\"image.default\">\n\t\t\t\t<div class=\"elementor-widget-container\">\n\t\t\t\t\t\t\t\t\t\t\t\t\t\t\t<img fetchpriority=\"high\" decoding=\"async\" width=\"800\" height=\"534\" src=\"https:\/\/tkstarletbrno.cz\/wp-content\/uploads\/sites\/2\/2025\/05\/DSC_4794-1024x683.jpg\" class=\"attachment-large size-large wp-image-214\" alt=\"\" srcset=\"https:\/\/tkstarletbrno.cz\/wp-content\/uploads\/sites\/2\/2025\/05\/DSC_4794-1024x683.jpg 1024w, https:\/\/tkstarletbrno.cz\/wp-content\/uploads\/sites\/2\/2025\/05\/DSC_4794-300x200.jpg 300w, https:\/\/tkstarletbrno.cz\/wp-content\/uploads\/sites\/2\/2025\/05\/DSC_4794-768x512.jpg 768w, https:\/\/tkstarletbrno.cz\/wp-content\/uploads\/sites\/2\/2025\/05\/DSC_4794-1536x1024.jpg 1536w, https:\/\/tkstarletbrno.cz\/wp-content\/uploads\/sites\/2\/2025\/05\/DSC_4794-2048x1365.jpg 2048w\" sizes=\"(max-width: 800px) 100vw, 800px\" title=\"DSC_4794 - TK Starlet\" \/>\t\t\t\t\t\t\t\t\t\t\t\t\t\t\t<\/div>\n\t\t\t\t<\/div>\n\t\t\t\t<div class=\"elementor-element elementor-element-ae27d19 elementor-widget elementor-widget-heading\" data-id=\"ae27d19\" data-element_type=\"widget\" data-e-type=\"widget\" data-widget_type=\"heading.default\">\n\t\t\t\t<div class=\"elementor-widget-container\">\n\t\t\t\t\t<h2 class=\"elementor-heading-title elementor-size-default\">K\u0159enov\u00e1 Training Centre<\/h2>\t\t\t\t<\/div>\n\t\t\t\t<\/div>\n\t\t\t\t<div class=\"elementor-element elementor-element-ff2b3a1 elementor-widget elementor-widget-text-editor\" data-id=\"ff2b3a1\" data-element_type=\"widget\" data-e-type=\"widget\" data-widget_type=\"text-editor.default\">\n\t\t\t\t<div class=\"elementor-widget-container\">\n\t\t\t\t\t\t\t\t\t<p>Since autumn 2024 we have been operating in a new training centre on K\u0159enov\u00e1 Street in Brno, where we have reconstructed the older premises and created two dance halls and facilities for all our members and coaches.\u00a0<\/p><p>At \"K\u0159ence\", as we call our new training centre, all youth, adult and senior teams have lessons. We also hold seminars, camps and weekly practices.<\/p><p><strong><span style=\"color: #000000;\">ATTENTION - Strict prohibition of any liquids on the dance floor! <\/span><\/strong>Violation of the ban will be severely punished. Obligations to wear heel protectors apply.<\/p>\t\t\t\t\t\t\t\t<\/div>\n\t\t\t\t<\/div>\n\t\t\t\t<\/div>\n\t\t<div class=\"elementor-element elementor-element-83da510 e-con-full e-flex e-con e-child\" data-id=\"83da510\" data-element_type=\"container\" data-e-type=\"container\">\n\t\t<div class=\"elementor-element elementor-element-78069aa e-con-full e-flex elementor-invisible e-con e-child\" data-id=\"78069aa\" data-element_type=\"container\" data-e-type=\"container\" data-settings=\"{&quot;animation&quot;:&quot;slideInRight&quot;}\">\n\t\t\t\t<div class=\"elementor-element elementor-element-9f007c3 dce_masking-none elementor-widget elementor-widget-image\" data-id=\"9f007c3\" data-element_type=\"widget\" data-e-type=\"widget\" data-widget_type=\"image.default\">\n\t\t\t\t<div class=\"elementor-widget-container\">\n\t\t\t\t\t\t\t\t\t\t\t\t\t\t\t<img decoding=\"async\" width=\"800\" height=\"534\" data-src=\"https:\/\/tkstarletbrno.cz\/wp-content\/uploads\/sites\/2\/2025\/05\/DSC_9614-1024x683.jpg\" class=\"attachment-large size-large wp-image-216 lazyload\" alt=\"\" data-srcset=\"https:\/\/tkstarletbrno.cz\/wp-content\/uploads\/sites\/2\/2025\/05\/DSC_9614-1024x683.jpg 1024w, https:\/\/tkstarletbrno.cz\/wp-content\/uploads\/sites\/2\/2025\/05\/DSC_9614-300x200.jpg 300w, https:\/\/tkstarletbrno.cz\/wp-content\/uploads\/sites\/2\/2025\/05\/DSC_9614-768x512.jpg 768w, https:\/\/tkstarletbrno.cz\/wp-content\/uploads\/sites\/2\/2025\/05\/DSC_9614-1536x1024.jpg 1536w, https:\/\/tkstarletbrno.cz\/wp-content\/uploads\/sites\/2\/2025\/05\/DSC_9614-2048x1365.jpg 2048w\" data-sizes=\"(max-width: 800px) 100vw, 800px\" title=\"DSC_9614 - TK Starlet\" src=\"data:image\/svg+xml;base64,PHN2ZyB3aWR0aD0iMSIgaGVpZ2h0PSIxIiB4bWxucz0iaHR0cDovL3d3dy53My5vcmcvMjAwMC9zdmciPjwvc3ZnPg==\" style=\"--smush-placeholder-width: 800px; --smush-placeholder-aspect-ratio: 800\/534;\" \/>\t\t\t\t\t\t\t\t\t\t\t\t\t\t\t<\/div>\n\t\t\t\t<\/div>\n\t\t\t\t<div class=\"elementor-element elementor-element-d3754d4 elementor-widget elementor-widget-heading\" data-id=\"d3754d4\" data-element_type=\"widget\" data-e-type=\"widget\" data-widget_type=\"heading.default\">\n\t\t\t\t<div class=\"elementor-widget-container\">\n\t\t\t\t\t<h2 class=\"elementor-heading-title elementor-size-default\">Halls of Starlet Dance School<\/h2>\t\t\t\t<\/div>\n\t\t\t\t<\/div>\n\t\t\t\t<div class=\"elementor-element elementor-element-c2d99e0 elementor-widget elementor-widget-text-editor\" data-id=\"c2d99e0\" data-element_type=\"widget\" data-e-type=\"widget\" data-widget_type=\"text-editor.default\">\n\t\t\t\t<div class=\"elementor-widget-container\">\n\t\t\t\t\t\t\t\t\t<p>The children's units of our Club use the premises of the Starlet Dance School on \u0160pit\u00e1lka Street for training, because there is a better background for parents who can comfortably wait for their children during training right in the building.\u00a0<\/p>\t\t\t\t\t\t\t\t<\/div>\n\t\t\t\t<\/div>\n\t\t\t\t<\/div>\n\t\t\t\t<\/div>\n\t\t\t\t\t<\/div>\n\t\t\t\t<\/div>\n\t\t\t\t<\/div>","protected":false},"excerpt":{"rendered":"<p>Tr\u00e9ninkov\u00e9 centrum K\u0159enov\u00e1 Od podzimu roku 2024 p\u016fsob\u00edme v&nbsp;nov\u00e9m tr\u00e9ninkov\u00e9m centru na ulici K\u0159enov\u00e1 v&nbsp;Brn\u011b, kde jsme sv\u00e9pomoc\u00ed rekonstruovali star\u0161\u00ed prostory a&nbsp;vytvo\u0159ili dva tane\u010dn\u00ed s\u00e1ly a&nbsp;z\u00e1zem\u00ed pro v\u0161echny na\u0161e \u010dleny a&nbsp;tren\u00e9ry.\u00a0 Na ,,K\u0159ence&#8220;, jak na\u0161emu nov\u00e9mu tr\u00e9ninkov\u00e9mu centru \u0159\u00edk\u00e1me, maj\u00ed veden\u00e9 lekce v\u0161echny ml\u00e1de\u017enick\u00e9, dosp\u011bl\u00e1ck\u00e9 a&nbsp;seniorsk\u00e9 slo\u017eky. Po\u0159\u00e1d\u00e1me zde tak\u00e9 semin\u00e1\u0159e, soust\u0159ed\u011bn\u00ed a&nbsp;ka\u017edot\u00fddenn\u00ed practisy. POZOR [&hellip;]<\/p>\n","protected":false},"author":1,"featured_media":0,"parent":44,"menu_order":0,"comment_status":"closed","ping_status":"closed","template":"","meta":{"_acf_changed":false,"footnotes":""},"class_list":["post-47","page","type-page","status-publish","hentry"],"acf":[],"aioseo_notices":[],"_links":{"self":[{"href":"https:\/\/tkstarletbrno.cz\/en\/wp-json\/wp\/v2\/pages\/47","targetHints":{"allow":["GET"]}}],"collection":[{"href":"https:\/\/tkstarletbrno.cz\/en\/wp-json\/wp\/v2\/pages"}],"about":[{"href":"https:\/\/tkstarletbrno.cz\/en\/wp-json\/wp\/v2\/types\/page"}],"author":[{"embeddable":true,"href":"https:\/\/tkstarletbrno.cz\/en\/wp-json\/wp\/v2\/users\/1"}],"replies":[{"embeddable":true,"href":"https:\/\/tkstarletbrno.cz\/en\/wp-json\/wp\/v2\/comments?post=47"}],"version-history":[{"count":23,"href":"https:\/\/tkstarletbrno.cz\/en\/wp-json\/wp\/v2\/pages\/47\/revisions"}],"predecessor-version":[{"id":1225,"href":"https:\/\/tkstarletbrno.cz\/en\/wp-json\/wp\/v2\/pages\/47\/revisions\/1225"}],"up":[{"embeddable":true,"href":"https:\/\/tkstarletbrno.cz\/en\/wp-json\/wp\/v2\/pages\/44"}],"wp:attachment":[{"href":"https:\/\/tkstarletbrno.cz\/en\/wp-json\/wp\/v2\/media?parent=47"}],"curies":[{"name":"wp","href":"https:\/\/api.w.org\/{rel}","templated":true}]}}