{"id":112,"date":"2025-05-15T18:24:06","date_gmt":"2025-05-15T16:24:06","guid":{"rendered":"https:\/\/klub.starletbrno.cz\/?page_id=112"},"modified":"2026-01-29T18:01:02","modified_gmt":"2026-01-29T17:01:02","slug":"letni-tanecni-camp","status":"publish","type":"page","link":"https:\/\/tkstarletbrno.cz\/en\/udalosti\/letni-tanecni-camp\/","title":{"rendered":"Summer dance camp"},"content":{"rendered":"<div data-elementor-type=\"wp-page\" data-elementor-id=\"112\" class=\"elementor elementor-112\" data-elementor-post-type=\"page\">\n\t\t\t\t<div class=\"elementor-element elementor-element-4c0bc27 e-flex e-con-boxed e-con e-parent\" data-id=\"4c0bc27\" data-element_type=\"container\" data-e-type=\"container\">\n\t\t\t\t\t<div class=\"e-con-inner\">\n\t\t<div class=\"elementor-element elementor-element-1d12f70 e-con-full e-flex elementor-invisible e-con e-child\" data-id=\"1d12f70\" data-element_type=\"container\" data-e-type=\"container\" data-settings=\"{&quot;animation&quot;:&quot;fadeInUp&quot;}\">\n\t\t\t\t<div class=\"elementor-element elementor-element-eb748a4 elementor-widget elementor-widget-heading\" data-id=\"eb748a4\" data-element_type=\"widget\" data-e-type=\"widget\" data-widget_type=\"heading.default\">\n\t\t\t\t<div class=\"elementor-widget-container\">\n\t\t\t\t\t<h2 class=\"elementor-heading-title elementor-size-default\">WE ARE PREPARING A SUMMER DANCE CAMP FOR YOU IN THE PLANNED DATE 17.-21.AUGUST 2026!<\/h2>\t\t\t\t<\/div>\n\t\t\t\t<\/div>\n\t\t\t\t<div class=\"elementor-element elementor-element-94d2248 elementor-widget elementor-widget-text-editor\" data-id=\"94d2248\" data-element_type=\"widget\" data-e-type=\"widget\" data-widget_type=\"text-editor.default\">\n\t\t\t\t<div class=\"elementor-widget-container\">\n\t\t\t\t\t\t\t\t\t<p>As every year, you can look forward to great in-house and external coaches, individual lessons, group led sessions, movement and fitness classes, practice sessions and much more!\u00a0<\/p>\t\t\t\t\t\t\t\t<\/div>\n\t\t\t\t<\/div>\n\t\t<div class=\"elementor-element elementor-element-2a428ec e-con-full e-flex e-con e-child\" data-id=\"2a428ec\" data-element_type=\"container\" data-e-type=\"container\">\n\t\t\t\t<div class=\"elementor-element elementor-element-162d301 elementor-widget-divider--view-line elementor-widget elementor-widget-divider\" data-id=\"162d301\" data-element_type=\"widget\" data-e-type=\"widget\" data-widget_type=\"divider.default\">\n\t\t\t\t<div class=\"elementor-widget-container\">\n\t\t\t\t\t\t\t<div class=\"elementor-divider\">\n\t\t\t<span class=\"elementor-divider-separator\">\n\t\t\t\t\t\t<\/span>\n\t\t<\/div>\n\t\t\t\t\t\t<\/div>\n\t\t\t\t<\/div>\n\t\t\t\t<\/div>\n\t\t\t\t<\/div>\n\t\t\t\t\t<\/div>\n\t\t\t\t<\/div>\n\t\t<div class=\"elementor-element elementor-element-c4a6fb7 e-flex e-con-boxed e-con e-parent\" data-id=\"c4a6fb7\" data-element_type=\"container\" data-e-type=\"container\">\n\t\t\t\t\t<div class=\"e-con-inner\">\n\t\t<div class=\"elementor-element elementor-element-5a4525c e-con-full e-flex e-con e-child\" data-id=\"5a4525c\" data-element_type=\"container\" data-e-type=\"container\">\n\t\t\t\t<div class=\"elementor-element elementor-element-c324e9f dce_masking-none elementor-widget elementor-widget-image\" data-id=\"c324e9f\" data-element_type=\"widget\" data-e-type=\"widget\" data-widget_type=\"image.default\">\n\t\t\t\t<div class=\"elementor-widget-container\">\n\t\t\t\t\t\t\t\t\t\t\t\t\t\t\t<img decoding=\"async\" width=\"300\" height=\"137\" data-src=\"https:\/\/tkstarletbrno.cz\/wp-content\/uploads\/sites\/2\/2025\/05\/brnol-300x137.jpg\" class=\"attachment-medium size-medium wp-image-246 lazyload\" alt=\"\" data-srcset=\"https:\/\/tkstarletbrno.cz\/wp-content\/uploads\/sites\/2\/2025\/05\/brnol-300x137.jpg 300w, https:\/\/tkstarletbrno.cz\/wp-content\/uploads\/sites\/2\/2025\/05\/brnol-1024x469.jpg 1024w, https:\/\/tkstarletbrno.cz\/wp-content\/uploads\/sites\/2\/2025\/05\/brnol-768x351.jpg 768w, https:\/\/tkstarletbrno.cz\/wp-content\/uploads\/sites\/2\/2025\/05\/brnol-1536x703.jpg 1536w, https:\/\/tkstarletbrno.cz\/wp-content\/uploads\/sites\/2\/2025\/05\/brnol.jpg 1748w\" data-sizes=\"(max-width: 300px) 100vw, 300px\" title=\"brnol - TK Starlet\" src=\"data:image\/svg+xml;base64,PHN2ZyB3aWR0aD0iMSIgaGVpZ2h0PSIxIiB4bWxucz0iaHR0cDovL3d3dy53My5vcmcvMjAwMC9zdmciPjwvc3ZnPg==\" style=\"--smush-placeholder-width: 300px; --smush-placeholder-aspect-ratio: 300\/137;\" \/>\t\t\t\t\t\t\t\t\t\t\t\t\t\t\t<\/div>\n\t\t\t\t<\/div>\n\t\t\t\t<\/div>\n\t\t<div class=\"elementor-element elementor-element-eefa58e e-con-full e-flex e-con e-child\" data-id=\"eefa58e\" data-element_type=\"container\" data-e-type=\"container\">\n\t\t\t\t<div class=\"elementor-element elementor-element-8b8aaeb elementor-widget elementor-widget-text-editor\" data-id=\"8b8aaeb\" data-element_type=\"widget\" data-e-type=\"widget\" data-widget_type=\"text-editor.default\">\n\t\t\t\t<div class=\"elementor-widget-container\">\n\t\t\t\t\t\t\t\t\t<p>The dance club is supported by the Statutory City of Brno. In 2024, the City of Brno supported the Summer Dance Camp with 28.000,-<\/p><p>The summer dance camp was partially covered by a subsidy from the Brno City Council, sports department, for youth activities.<\/p>\t\t\t\t\t\t\t\t<\/div>\n\t\t\t\t<\/div>\n\t\t\t\t<\/div>\n\t\t\t\t\t<\/div>\n\t\t\t\t<\/div>\n\t\t\t\t<\/div>","protected":false},"excerpt":{"rendered":"<p>LETN\u00cd TANE\u010cN\u00cd CAMP PRO V\u00c1S P\u0158IPRAVUJEME V&nbsp;PL\u00c1NOVAN\u00c9M TERM\u00cdNU 17.-21.SRPNA 2026! Jako ka\u017edoro\u010dn\u011b se m\u016f\u017eete t\u011b\u0161it na skv\u011bl\u00e9 dom\u00e1c\u00ed i&nbsp;extern\u00ed tren\u00e9ry, individu\u00e1ln\u00ed lekce, skupinov\u00e9 veden\u00e9, pohybov\u00e9 a&nbsp;kondi\u010dn\u00ed pr\u016fpravy, practisy a&nbsp;mnoho dal\u0161\u00edho!\u00a0 Tane\u010dn\u00ed klub je podporov\u00e1n Statut\u00e1rn\u00edm m\u011bstem Brnem. V&nbsp;roce 2024 podpo\u0159ilo m\u011bsto Brno akci Letn\u00ed tane\u010dn\u00ed camp \u010d\u00e1stkou 28.000,- Letn\u00ed tane\u010dn\u00ed camp byl \u010d\u00e1ste\u010dn\u011b hrazen i&nbsp;z&nbsp;dotace [&hellip;]<\/p>\n","protected":false},"author":1,"featured_media":0,"parent":59,"menu_order":0,"comment_status":"closed","ping_status":"closed","template":"","meta":{"_acf_changed":false,"footnotes":""},"class_list":["post-112","page","type-page","status-publish","hentry"],"acf":[],"aioseo_notices":[],"_links":{"self":[{"href":"https:\/\/tkstarletbrno.cz\/en\/wp-json\/wp\/v2\/pages\/112","targetHints":{"allow":["GET"]}}],"collection":[{"href":"https:\/\/tkstarletbrno.cz\/en\/wp-json\/wp\/v2\/pages"}],"about":[{"href":"https:\/\/tkstarletbrno.cz\/en\/wp-json\/wp\/v2\/types\/page"}],"author":[{"embeddable":true,"href":"https:\/\/tkstarletbrno.cz\/en\/wp-json\/wp\/v2\/users\/1"}],"replies":[{"embeddable":true,"href":"https:\/\/tkstarletbrno.cz\/en\/wp-json\/wp\/v2\/comments?post=112"}],"version-history":[{"count":83,"href":"https:\/\/tkstarletbrno.cz\/en\/wp-json\/wp\/v2\/pages\/112\/revisions"}],"predecessor-version":[{"id":1408,"href":"https:\/\/tkstarletbrno.cz\/en\/wp-json\/wp\/v2\/pages\/112\/revisions\/1408"}],"up":[{"embeddable":true,"href":"https:\/\/tkstarletbrno.cz\/en\/wp-json\/wp\/v2\/pages\/59"}],"wp:attachment":[{"href":"https:\/\/tkstarletbrno.cz\/en\/wp-json\/wp\/v2\/media?parent=112"}],"curies":[{"name":"wp","href":"https:\/\/api.w.org\/{rel}","templated":true}]}}