{"id":107,"date":"2025-05-15T18:23:02","date_gmt":"2025-05-15T16:23:02","guid":{"rendered":"https:\/\/klub.starletbrno.cz\/?page_id=107"},"modified":"2026-01-19T11:08:53","modified_gmt":"2026-01-19T10:08:53","slug":"souteze","status":"publish","type":"page","link":"https:\/\/tkstarletbrno.cz\/en\/udalosti\/souteze\/","title":{"rendered":"Competitions"},"content":{"rendered":"\t\t<div data-elementor-type=\"wp-page\" data-elementor-id=\"107\" class=\"elementor elementor-107\" data-elementor-post-type=\"page\">\n\t\t\t\t<div class=\"elementor-element elementor-element-af679ab e-flex e-con-boxed e-con e-parent\" data-id=\"af679ab\" data-element_type=\"container\" data-e-type=\"container\">\n\t\t\t\t\t<div class=\"e-con-inner\">\n\t\t<div class=\"elementor-element elementor-element-0fb50f3 e-con-full e-flex elementor-invisible e-con e-child\" data-id=\"0fb50f3\" data-element_type=\"container\" data-e-type=\"container\" data-settings=\"{&quot;animation&quot;:&quot;fadeInLeft&quot;}\">\n\t\t\t\t<div class=\"elementor-element elementor-element-8d84e55 elementor-widget elementor-widget-heading\" data-id=\"8d84e55\" data-element_type=\"widget\" data-e-type=\"widget\" data-widget_type=\"heading.default\">\n\t\t\t\t<div class=\"elementor-widget-container\">\n\t\t\t\t\t<h2 class=\"elementor-heading-title elementor-size-default\">A\u017e p\u011bt sout\u011b\u017e\u00ed ro\u010dn\u011b v&nbsp;Podol\u00ed u&nbsp;Brna!<\/h2>\t\t\t\t<\/div>\n\t\t\t\t<\/div>\n\t\t\t\t<div class=\"elementor-element elementor-element-8b2cd98 elementor-widget elementor-widget-text-editor\" data-id=\"8b2cd98\" data-element_type=\"widget\" data-e-type=\"widget\" data-widget_type=\"text-editor.default\">\n\t\t\t\t<div class=\"elementor-widget-container\">\n\t\t\t\t\t\t\t\t\t<p>Jsme pravideln\u00fdmi po\u0159adateli tane\u010dn\u00edch sout\u011b\u017e\u00ed na ji\u017en\u00ed Morav\u011b, konkr\u00e9tn\u011b ve sportovn\u00ed hale v&nbsp;Podol\u00ed u&nbsp;Brna! Pravideln\u011b za\u0159azujeme do sout\u011b\u017e\u00ed kategorie SENIOR a&nbsp;r\u00e1di p\u0159iv\u00edt\u00e1me tak\u00e9 tane\u010dn\u00edky z&nbsp;jin\u00fdch zem\u00ed. Na t\u00e9to str\u00e1nce najdete v\u0161echny pot\u0159ebn\u00e9 informace k&nbsp;na\u0161im sout\u011b\u017e\u00edm.\u00a0<\/p><p>V p\u0159\u00edpad\u011b dotaz\u016f n\u00e1s nev\u00e1hejte kontaktovat.<\/p><p>T\u011b\u0161\u00edme se na V\u00e1s!<\/p>\t\t\t\t\t\t\t\t<\/div>\n\t\t\t\t<\/div>\n\t\t\t\t<div class=\"elementor-element elementor-element-a6f2860 elementor-widget elementor-widget-heading\" data-id=\"a6f2860\" data-element_type=\"widget\" data-e-type=\"widget\" data-widget_type=\"heading.default\">\n\t\t\t\t<div class=\"elementor-widget-container\">\n\t\t\t\t\t<h2 class=\"elementor-heading-title elementor-size-default\">Co V\u00e1s na na\u0161ich sout\u011b\u017e\u00edch \u010dek\u00e1?<\/h2>\t\t\t\t<\/div>\n\t\t\t\t<\/div>\n\t\t\t\t<div class=\"elementor-element elementor-element-a907e9d elementor-widget elementor-widget-text-editor\" data-id=\"a907e9d\" data-element_type=\"widget\" data-e-type=\"widget\" data-widget_type=\"text-editor.default\">\n\t\t\t\t<div class=\"elementor-widget-container\">\n\t\t\t\t\t\t\t\t\t<p>\ud83d\udc49 dva parkety o&nbsp;rozm\u011bru 12&#215;18 metr\u016f<br \/>\ud83d\udc49 skv\u011bl\u00e1 organizace a&nbsp;bohat\u00e9 ceny<br \/>\ud83d\udc49 spousta kategori\u00ed, v\u010detn\u011b pravideln\u00fdch seniorsk\u00fdch sout\u011b\u017e\u00ed<br \/>\ud83d\udc49 pozor &#8211; v&nbsp;hale je nutn\u00e9 pou\u017e\u00edvat n\u00e1vleky na obuv nebo si p\u0159in\u00e9st p\u0159ez\u016fvky<br \/>\ud83d\udc49 parkov\u00e1n\u00ed v&nbsp;p\u0159ilehl\u00fdch ulic\u00edch a&nbsp;na bl\u00edzk\u00e9m parkovi\u0161ti je zdarma<br \/>\ud83d\udc49 chr\u00e1ni\u010de na podpatky pro d\u00e1my povinnost\u00ed<\/p><div class=\"_1rsl8qj0 _1rsl8qj2\">\u00a0<\/div>\t\t\t\t\t\t\t\t<\/div>\n\t\t\t\t<\/div>\n\t\t\t\t<div class=\"elementor-element elementor-element-c17a334 elementor-widget elementor-widget-text-editor\" data-id=\"c17a334\" data-element_type=\"widget\" data-e-type=\"widget\" data-widget_type=\"text-editor.default\">\n\t\t\t\t<div class=\"elementor-widget-container\">\n\t\t\t\t\t\t\t\t\t<article class=\"text-token-text-primary w-full\" dir=\"auto\" data-testid=\"conversation-turn-54\" data-scroll-anchor=\"true\"><div class=\"text-base my-auto mx-auto py-5 [--thread-content-margin:--spacing(4)] @[37rem]:[--thread-content-margin:--spacing(6)] @[72rem]:[--thread-content-margin:--spacing(16)] px-(--thread-content-margin)\"><div class=\"[--thread-content-max-width:32rem] @[34rem]:[--thread-content-max-width:40rem] @[64rem]:[--thread-content-max-width:48rem] mx-auto flex max-w-(--thread-content-max-width) flex-1 text-base gap-4 md:gap-5 lg:gap-6 group\/turn-messages focus-visible:outline-hidden\" tabindex=\"-1\"><div class=\"group\/conversation-turn relative flex w-full min-w-0 flex-col agent-turn\"><div class=\"relative flex-col gap-1 md:gap-3\"><div class=\"flex max-w-full flex-col grow\"><div class=\"min-h-8 text-message relative flex w-full flex-col items-end gap-2 text-start break-words whitespace-normal [.text-message+&amp;]:mt-5\" dir=\"auto\" data-message-author-role=\"assistant\" data-message-id=\"3f6a5d07-8554-4e12-b5a4-1711512f281c\" data-message-model-slug=\"gpt-4-1-mini\"><div class=\"flex w-full flex-col gap-1 empty:hidden first:pt-[3px]\"><div class=\"markdown prose dark:prose-invert w-full break-words light\"><p data-start=\"0\" data-end=\"197\" data-is-last-node=\"\" data-is-only-node=\"\"><strong>For the English version of the website, click &#8222;EN&#8220; in the top right corner. Below you will find detailed instructions for the registration of foreign dancers for competitions in the Czech Republic.<\/strong><\/p><\/div><\/div><\/div><\/div><\/div><\/div><\/div><\/div><\/article><div class=\"pointer-events-none h-px w-px\" aria-hidden=\"true\" data-edge=\"true\">\u00a0<\/div>\t\t\t\t\t\t\t\t<\/div>\n\t\t\t\t<\/div>\n\t\t\t\t<\/div>\n\t\t<div class=\"elementor-element elementor-element-c6cc74c e-con-full e-flex elementor-invisible e-con e-child\" data-id=\"c6cc74c\" data-element_type=\"container\" data-e-type=\"container\" data-settings=\"{&quot;animation&quot;:&quot;fadeInRight&quot;}\">\n\t\t\t\t<div class=\"elementor-element elementor-element-0ddce1a dce_masking-none elementor-widget elementor-widget-image\" data-id=\"0ddce1a\" data-element_type=\"widget\" data-e-type=\"widget\" data-widget_type=\"image.default\">\n\t\t\t\t<div class=\"elementor-widget-container\">\n\t\t\t\t\t\t\t\t\t\t\t\t\t\t\t<img fetchpriority=\"high\" decoding=\"async\" width=\"800\" height=\"1000\" src=\"https:\/\/tkstarletbrno.cz\/wp-content\/uploads\/sites\/2\/2026\/01\/Plan_soutezi_2026-819x1024.png\" class=\"attachment-large size-large wp-image-1388\" alt=\"\" srcset=\"https:\/\/tkstarletbrno.cz\/wp-content\/uploads\/sites\/2\/2026\/01\/Plan_soutezi_2026-819x1024.png 819w, https:\/\/tkstarletbrno.cz\/wp-content\/uploads\/sites\/2\/2026\/01\/Plan_soutezi_2026-240x300.png 240w, https:\/\/tkstarletbrno.cz\/wp-content\/uploads\/sites\/2\/2026\/01\/Plan_soutezi_2026-768x960.png 768w, https:\/\/tkstarletbrno.cz\/wp-content\/uploads\/sites\/2\/2026\/01\/Plan_soutezi_2026-1229x1536.png 1229w, https:\/\/tkstarletbrno.cz\/wp-content\/uploads\/sites\/2\/2026\/01\/Plan_soutezi_2026-1638x2048.png 1638w, https:\/\/tkstarletbrno.cz\/wp-content\/uploads\/sites\/2\/2026\/01\/Plan_soutezi_2026-10x12.png 10w, https:\/\/tkstarletbrno.cz\/wp-content\/uploads\/sites\/2\/2026\/01\/Plan_soutezi_2026-scaled.png 2048w\" sizes=\"(max-width: 800px) 100vw, 800px\" title=\"Pl\u00e1n_sout\u011b\u017e\u00ed_2026 - TK Starlet\" \/>\t\t\t\t\t\t\t\t\t\t\t\t\t\t\t<\/div>\n\t\t\t\t<\/div>\n\t\t\t\t<\/div>\n\t\t\t\t\t<\/div>\n\t\t\t\t<\/div>\n\t\t<div class=\"elementor-element elementor-element-3215d03 e-flex e-con-boxed elementor-invisible e-con e-parent\" data-id=\"3215d03\" data-element_type=\"container\" data-e-type=\"container\" data-settings=\"{&quot;animation&quot;:&quot;fadeInUp&quot;}\">\n\t\t\t\t\t<div class=\"e-con-inner\">\n\t\t<div class=\"elementor-element elementor-element-32fbf5c e-con-full e-flex e-con e-child\" data-id=\"32fbf5c\" data-element_type=\"container\" data-e-type=\"container\">\n\t\t\t\t<div class=\"elementor-element elementor-element-b66d971 elementor-view-default elementor-position-block-start elementor-mobile-position-block-start elementor-widget elementor-widget-icon-box\" data-id=\"b66d971\" data-element_type=\"widget\" data-e-type=\"widget\" data-widget_type=\"icon-box.default\">\n\t\t\t\t<div class=\"elementor-widget-container\">\n\t\t\t\t\t\t\t<div class=\"elementor-icon-box-wrapper\">\n\n\t\t\t\t\t\t<div class=\"elementor-icon-box-icon\">\n\t\t\t\t<a href=\"https:\/\/www.csts.cz\/dancesport\/kalendar_akci\" target=\"_blank\" class=\"elementor-icon\" tabindex=\"-1\" aria-label=\"Propozice a p\u0159ihl\u00e1\u0161en\u00ed\">\n\t\t\t\t<svg aria-hidden=\"true\" class=\"e-font-icon-svg e-fas-calendar-check\" viewBox=\"0 0 448 512\" xmlns=\"http:\/\/www.w3.org\/2000\/svg\"><path d=\"M436 160H12c-6.627 0-12-5.373-12-12v-36c0-26.51 21.49-48 48-48h48V12c0-6.627 5.373-12 12-12h40c6.627 0 12 5.373 12 12v52h128V12c0-6.627 5.373-12 12-12h40c6.627 0 12 5.373 12 12v52h48c26.51 0 48 21.49 48 48v36c0 6.627-5.373 12-12 12zM12 192h424c6.627 0 12 5.373 12 12v260c0 26.51-21.49 48-48 48H48c-26.51 0-48-21.49-48-48V204c0-6.627 5.373-12 12-12zm333.296 95.947l-28.169-28.398c-4.667-4.705-12.265-4.736-16.97-.068L194.12 364.665l-45.98-46.352c-4.667-4.705-12.266-4.736-16.971-.068l-28.397 28.17c-4.705 4.667-4.736 12.265-.068 16.97l82.601 83.269c4.667 4.705 12.265 4.736 16.97.068l142.953-141.805c4.705-4.667 4.736-12.265.068-16.97z\"><\/path><\/svg>\t\t\t\t<\/a>\n\t\t\t<\/div>\n\t\t\t\n\t\t\t\t\t\t<div class=\"elementor-icon-box-content\">\n\n\t\t\t\t\t\t\t\t\t<h3 class=\"elementor-icon-box-title\">\n\t\t\t\t\t\t<a href=\"https:\/\/www.csts.cz\/dancesport\/kalendar_akci\" target=\"_blank\" >\n\t\t\t\t\t\t\tPropozice a&nbsp;p\u0159ihl\u00e1\u0161en\u00ed\t\t\t\t\t\t<\/a>\n\t\t\t\t\t<\/h3>\n\t\t\t\t\n\t\t\t\t\t\t\t\t\t<p class=\"elementor-icon-box-description\">\n\t\t\t\t\t\tOdkaz na web \u010cSTS, kde najdete kompletn\u00ed propozice, porotu i&nbsp;p\u0159ihl\u00e1\u0161en\u00ed na sout\u011b\u017e. \n\n\t\t\t\t\t<\/p>\n\t\t\t\t\n\t\t\t<\/div>\n\t\t\t\n\t\t<\/div>\n\t\t\t\t\t\t<\/div>\n\t\t\t\t<\/div>\n\t\t\t\t<\/div>\n\t\t<div class=\"elementor-element elementor-element-bcb1957 e-con-full e-flex e-con e-child\" data-id=\"bcb1957\" data-element_type=\"container\" data-e-type=\"container\">\n\t\t\t\t<div class=\"elementor-element elementor-element-5e68321 elementor-view-default elementor-position-block-start elementor-mobile-position-block-start elementor-widget elementor-widget-icon-box\" data-id=\"5e68321\" data-element_type=\"widget\" data-e-type=\"widget\" data-widget_type=\"icon-box.default\">\n\t\t\t\t<div class=\"elementor-widget-container\">\n\t\t\t\t\t\t\t<div class=\"elementor-icon-box-wrapper\">\n\n\t\t\t\t\t\t<div class=\"elementor-icon-box-icon\">\n\t\t\t\t<a href=\"https:\/\/tkstarletbrno.cz\/wp-content\/uploads\/sites\/2\/2025\/06\/Steps-to-Register-for-a-Competition-in-the-Czech-Republic.pdf\" target=\"_blank\" class=\"elementor-icon\" tabindex=\"-1\" aria-label=\"Registration steps in English\">\n\t\t\t\t<svg aria-hidden=\"true\" class=\"e-font-icon-svg e-fas-file\" viewBox=\"0 0 384 512\" xmlns=\"http:\/\/www.w3.org\/2000\/svg\"><path d=\"M224 136V0H24C10.7 0 0 10.7 0 24v464c0 13.3 10.7 24 24 24h336c13.3 0 24-10.7 24-24V160H248c-13.2 0-24-10.8-24-24zm160-14.1v6.1H256V0h6.1c6.4 0 12.5 2.5 17 7l97.9 98c4.5 4.5 7 10.6 7 16.9z\"><\/path><\/svg>\t\t\t\t<\/a>\n\t\t\t<\/div>\n\t\t\t\n\t\t\t\t\t\t<div class=\"elementor-icon-box-content\">\n\n\t\t\t\t\t\t\t\t\t<h3 class=\"elementor-icon-box-title\">\n\t\t\t\t\t\t<a href=\"https:\/\/tkstarletbrno.cz\/wp-content\/uploads\/sites\/2\/2025\/06\/Steps-to-Register-for-a-Competition-in-the-Czech-Republic.pdf\" target=\"_blank\" >\n\t\t\t\t\t\t\tRegistration steps in English\t\t\t\t\t\t<\/a>\n\t\t\t\t\t<\/h3>\n\t\t\t\t\n\t\t\t\t\t\t\t\t\t<p class=\"elementor-icon-box-description\">\n\t\t\t\t\t\tIn this PDF file, you will find detailed instructions on how to register on the Czech Dance Sport Federation website and how to sign up for the competition.\t\t\t\t\t<\/p>\n\t\t\t\t\n\t\t\t<\/div>\n\t\t\t\n\t\t<\/div>\n\t\t\t\t\t\t<\/div>\n\t\t\t\t<\/div>\n\t\t\t\t<\/div>\n\t\t\t\t\t<\/div>\n\t\t\t\t<\/div>\n\t\t<div class=\"elementor-element elementor-element-e0bc495 e-flex e-con-boxed elementor-invisible e-con e-parent\" data-id=\"e0bc495\" data-element_type=\"container\" data-e-type=\"container\" data-settings=\"{&quot;animation&quot;:&quot;fadeInUp&quot;}\">\n\t\t\t\t\t<div class=\"e-con-inner\">\n\t\t\t\t<div class=\"elementor-element elementor-element-c1b6497 elementor-widget elementor-widget-google_maps\" data-id=\"c1b6497\" data-element_type=\"widget\" data-e-type=\"widget\" data-widget_type=\"google_maps.default\">\n\t\t\t\t<div class=\"elementor-widget-container\">\n\t\t\t\t\t\t\t<div class=\"elementor-custom-embed\">\n\t\t\t<iframe\n\t\t\t\t\tdata-src=\"https:\/\/maps.google.com\/maps?q=Sportovn%C3%AD%20hala%20Podol%C3%AD%20u%20Brna&#038;t=m&#038;z=13&#038;output=embed&#038;iwloc=near\"\n\t\t\t\t\ttitle=\"Sportovn\u00ed hala Podol\u00ed u Brna\"\n\t\t\t\t\taria-label=\"Sportovn\u00ed hala Podol\u00ed u Brna\"\n\t\t\t src=\"data:image\/svg+xml;base64,PHN2ZyB3aWR0aD0iMSIgaGVpZ2h0PSIxIiB4bWxucz0iaHR0cDovL3d3dy53My5vcmcvMjAwMC9zdmciPjwvc3ZnPg==\" class=\"lazyload\" data-load-mode=\"1\"><\/iframe>\n\t\t<\/div>\n\t\t\t\t\t\t<\/div>\n\t\t\t\t<\/div>\n\t\t\t\t\t<\/div>\n\t\t\t\t<\/div>\n\t\t<div class=\"elementor-element elementor-element-c8b83ba e-flex e-con-boxed elementor-invisible e-con e-parent\" data-id=\"c8b83ba\" data-element_type=\"container\" data-e-type=\"container\" data-settings=\"{&quot;animation&quot;:&quot;fadeInUp&quot;}\">\n\t\t\t\t\t<div class=\"e-con-inner\">\n\t\t<div class=\"elementor-element elementor-element-0bb4450 e-con-full e-flex e-con e-child\" data-id=\"0bb4450\" data-element_type=\"container\" data-e-type=\"container\">\n\t\t\t\t<div class=\"elementor-element elementor-element-0cb904e elementor-view-default elementor-position-block-start elementor-mobile-position-block-start elementor-widget elementor-widget-icon-box\" data-id=\"0cb904e\" data-element_type=\"widget\" data-e-type=\"widget\" data-widget_type=\"icon-box.default\">\n\t\t\t\t<div class=\"elementor-widget-container\">\n\t\t\t\t\t\t\t<div class=\"elementor-icon-box-wrapper\">\n\n\t\t\t\t\t\t<div class=\"elementor-icon-box-icon\">\n\t\t\t\t<a href=\"https:\/\/www.facebook.com\/TKMoraviaStarletK2\" target=\"_blank\" class=\"elementor-icon\" tabindex=\"-1\" aria-label=\"Facebook - sleduj a ozna\u010duj\">\n\t\t\t\t<svg aria-hidden=\"true\" class=\"e-font-icon-svg e-fab-facebook\" viewBox=\"0 0 512 512\" xmlns=\"http:\/\/www.w3.org\/2000\/svg\"><path d=\"M504 256C504 119 393 8 256 8S8 119 8 256c0 123.78 90.69 226.38 209.25 245V327.69h-63V256h63v-54.64c0-62.15 37-96.48 93.67-96.48 27.14 0 55.52 4.84 55.52 4.84v61h-31.28c-30.8 0-40.41 19.12-40.41 38.73V256h68.78l-11 71.69h-57.78V501C413.31 482.38 504 379.78 504 256z\"><\/path><\/svg>\t\t\t\t<\/a>\n\t\t\t<\/div>\n\t\t\t\n\t\t\t\t\t\t<div class=\"elementor-icon-box-content\">\n\n\t\t\t\t\t\t\t\t\t<h3 class=\"elementor-icon-box-title\">\n\t\t\t\t\t\t<a href=\"https:\/\/www.facebook.com\/TKMoraviaStarletK2\" target=\"_blank\" >\n\t\t\t\t\t\t\tFacebook - sleduj a&nbsp;ozna\u010duj\t\t\t\t\t\t<\/a>\n\t\t\t\t\t<\/h3>\n\t\t\t\t\n\t\t\t\t\t\t\t\t\t<p class=\"elementor-icon-box-description\">\n\t\t\t\t\t\tSledujte v\u0161echny aktuality nejen k&nbsp;sout\u011b\u017ei na na\u0161em Facebooku! Nezapome\u0148, \u017ee n\u00e1zev na\u0161eho klubu kon\u010d\u00ed ,,K2\". Ozna\u010duj fotky z&nbsp;na\u0161ich sout\u011b\u017e\u00ed t\u00edmto profilem a&nbsp;m\u016f\u017ee\u0161 pou\u017e\u00edt #teamstarlet. \t\t\t\t\t<\/p>\n\t\t\t\t\n\t\t\t<\/div>\n\t\t\t\n\t\t<\/div>\n\t\t\t\t\t\t<\/div>\n\t\t\t\t<\/div>\n\t\t\t\t<\/div>\n\t\t<div class=\"elementor-element elementor-element-7f21197 e-con-full e-flex e-con e-child\" data-id=\"7f21197\" data-element_type=\"container\" data-e-type=\"container\">\n\t\t\t\t<div class=\"elementor-element elementor-element-03a428f elementor-view-default elementor-position-block-start elementor-mobile-position-block-start elementor-widget elementor-widget-icon-box\" data-id=\"03a428f\" data-element_type=\"widget\" data-e-type=\"widget\" data-widget_type=\"icon-box.default\">\n\t\t\t\t<div class=\"elementor-widget-container\">\n\t\t\t\t\t\t\t<div class=\"elementor-icon-box-wrapper\">\n\n\t\t\t\t\t\t<div class=\"elementor-icon-box-icon\">\n\t\t\t\t<a href=\"https:\/\/www.instagram.com\/tkmoravia_starlet_k2\/\" target=\"_blank\" class=\"elementor-icon\" tabindex=\"-1\" aria-label=\"Instagram - sleduj a ozna\u010duj\">\n\t\t\t\t<svg aria-hidden=\"true\" class=\"e-font-icon-svg e-fab-instagram\" viewBox=\"0 0 448 512\" xmlns=\"http:\/\/www.w3.org\/2000\/svg\"><path d=\"M224.1 141c-63.6 0-114.9 51.3-114.9 114.9s51.3 114.9 114.9 114.9S339 319.5 339 255.9 287.7 141 224.1 141zm0 189.6c-41.1 0-74.7-33.5-74.7-74.7s33.5-74.7 74.7-74.7 74.7 33.5 74.7 74.7-33.6 74.7-74.7 74.7zm146.4-194.3c0 14.9-12 26.8-26.8 26.8-14.9 0-26.8-12-26.8-26.8s12-26.8 26.8-26.8 26.8 12 26.8 26.8zm76.1 27.2c-1.7-35.9-9.9-67.7-36.2-93.9-26.2-26.2-58-34.4-93.9-36.2-37-2.1-147.9-2.1-184.9 0-35.8 1.7-67.6 9.9-93.9 36.1s-34.4 58-36.2 93.9c-2.1 37-2.1 147.9 0 184.9 1.7 35.9 9.9 67.7 36.2 93.9s58 34.4 93.9 36.2c37 2.1 147.9 2.1 184.9 0 35.9-1.7 67.7-9.9 93.9-36.2 26.2-26.2 34.4-58 36.2-93.9 2.1-37 2.1-147.8 0-184.8zM398.8 388c-7.8 19.6-22.9 34.7-42.6 42.6-29.5 11.7-99.5 9-132.1 9s-102.7 2.6-132.1-9c-19.6-7.8-34.7-22.9-42.6-42.6-11.7-29.5-9-99.5-9-132.1s-2.6-102.7 9-132.1c7.8-19.6 22.9-34.7 42.6-42.6 29.5-11.7 99.5-9 132.1-9s102.7-2.6 132.1 9c19.6 7.8 34.7 22.9 42.6 42.6 11.7 29.5 9 99.5 9 132.1s2.7 102.7-9 132.1z\"><\/path><\/svg>\t\t\t\t<\/a>\n\t\t\t<\/div>\n\t\t\t\n\t\t\t\t\t\t<div class=\"elementor-icon-box-content\">\n\n\t\t\t\t\t\t\t\t\t<h3 class=\"elementor-icon-box-title\">\n\t\t\t\t\t\t<a href=\"https:\/\/www.instagram.com\/tkmoravia_starlet_k2\/\" target=\"_blank\" >\n\t\t\t\t\t\t\tInstagram - sleduj a&nbsp;ozna\u010duj\t\t\t\t\t\t<\/a>\n\t\t\t\t\t<\/h3>\n\t\t\t\t\n\t\t\t\t\t\t\t\t\t<p class=\"elementor-icon-box-description\">\n\t\t\t\t\t\tSledujte v\u0161echny aktuality nejen k&nbsp;sout\u011b\u017ei na na\u0161em Instagramu! Nezapome\u0148, \u017ee n\u00e1zev na\u0161eho klubu kon\u010d\u00ed ,,K2\". Ozna\u010duj fotky z&nbsp;na\u0161ich sout\u011b\u017e\u00ed t\u00edmto profilem a&nbsp;m\u016f\u017ee\u0161 pou\u017e\u00edt #teamstarlet. \t\t\t\t\t<\/p>\n\t\t\t\t\n\t\t\t<\/div>\n\t\t\t\n\t\t<\/div>\n\t\t\t\t\t\t<\/div>\n\t\t\t\t<\/div>\n\t\t\t\t<\/div>\n\t\t\t\t\t<\/div>\n\t\t\t\t<\/div>\n\t\t\t\t<\/div>\n\t\t","protected":false},"excerpt":{"rendered":"<p>A\u017e p\u011bt sout\u011b\u017e\u00ed ro\u010dn\u011b v&nbsp;Podol\u00ed u&nbsp;Brna! Jsme pravideln\u00fdmi po\u0159adateli tane\u010dn\u00edch sout\u011b\u017e\u00ed na ji\u017en\u00ed Morav\u011b, konkr\u00e9tn\u011b ve sportovn\u00ed hale v&nbsp;Podol\u00ed u&nbsp;Brna! Pravideln\u011b za\u0159azujeme do sout\u011b\u017e\u00ed kategorie SENIOR a&nbsp;r\u00e1di p\u0159iv\u00edt\u00e1me tak\u00e9 tane\u010dn\u00edky z&nbsp;jin\u00fdch zem\u00ed. Na t\u00e9to str\u00e1nce najdete v\u0161echny pot\u0159ebn\u00e9 informace k&nbsp;na\u0161im sout\u011b\u017e\u00edm.\u00a0 V&nbsp;p\u0159\u00edpad\u011b dotaz\u016f n\u00e1s nev\u00e1hejte kontaktovat. T\u011b\u0161\u00edme se na V\u00e1s! Co V\u00e1s na na\u0161ich [&hellip;]<\/p>\n","protected":false},"author":1,"featured_media":0,"parent":59,"menu_order":0,"comment_status":"closed","ping_status":"closed","template":"","meta":{"_acf_changed":false,"footnotes":""},"class_list":["post-107","page","type-page","status-publish","hentry"],"acf":[],"aioseo_notices":[],"_links":{"self":[{"href":"https:\/\/tkstarletbrno.cz\/en\/wp-json\/wp\/v2\/pages\/107","targetHints":{"allow":["GET"]}}],"collection":[{"href":"https:\/\/tkstarletbrno.cz\/en\/wp-json\/wp\/v2\/pages"}],"about":[{"href":"https:\/\/tkstarletbrno.cz\/en\/wp-json\/wp\/v2\/types\/page"}],"author":[{"embeddable":true,"href":"https:\/\/tkstarletbrno.cz\/en\/wp-json\/wp\/v2\/users\/1"}],"replies":[{"embeddable":true,"href":"https:\/\/tkstarletbrno.cz\/en\/wp-json\/wp\/v2\/comments?post=107"}],"version-history":[{"count":62,"href":"https:\/\/tkstarletbrno.cz\/en\/wp-json\/wp\/v2\/pages\/107\/revisions"}],"predecessor-version":[{"id":1391,"href":"https:\/\/tkstarletbrno.cz\/en\/wp-json\/wp\/v2\/pages\/107\/revisions\/1391"}],"up":[{"embeddable":true,"href":"https:\/\/tkstarletbrno.cz\/en\/wp-json\/wp\/v2\/pages\/59"}],"wp:attachment":[{"href":"https:\/\/tkstarletbrno.cz\/en\/wp-json\/wp\/v2\/media?parent=107"}],"curies":[{"name":"wp","href":"https:\/\/api.w.org\/{rel}","templated":true}]}}